{"id":539,"date":"2023-01-23T13:50:59","date_gmt":"2023-01-23T12:50:59","guid":{"rendered":"https:\/\/jominy.nl\/algemene-voorwaarden\/"},"modified":"2023-04-05T12:12:38","modified_gmt":"2023-04-05T10:12:38","slug":"allgemeine-geschaeftsbedingungen","status":"publish","type":"page","link":"https:\/\/jominy.nl\/de\/allgemeine-geschaeftsbedingungen\/","title":{"rendered":"Allgemeine Gesch\u00e4ftsbedingungen"},"content":{"rendered":"<h2>Wer ist Jominy?<\/h2>\n<p>Jominy ist der Datenverantwortliche f\u00fcr die pers\u00f6nlichen Daten, die \u00fcber diese Website gesammelt werden und hat seinen Sitz in Van Ravesteynpad 8, 7425 AE Deventer in den Niederlanden. Registriert bei der Handelskammer unter der Nummer 81731876. F\u00fcr alle Fragen zu unserer Datenschutzrichtlinie kontaktieren Sie uns bitte unter <a href=\"mailto:info@jominy.nl\" target=\"_new\" rel=\"noopener\">info@jominy.nl<\/a>.<\/p>\n<h2>Verarbeitete Daten:<\/h2>\n<ul>\n<li>Vor- und Nachname<\/li>\n<li>E-Mail-Adresse<\/li>\n<li>Telefonnummer<\/li>\n<li>Die Nachricht, die Sie im Kontaktformular hinterlassen<\/li>\n<\/ul>\n<h2>Zweck und Rechtsgrundlage f\u00fcr die Verarbeitung personenbezogener Daten<\/h2>\n<p>Bei Jominy ist es uns wichtig, transparent \u00fcber die Sammlung und Verarbeitung personenbezogener Daten zu sein. Wir verarbeiten Ihre personenbezogenen Daten f\u00fcr folgende Zwecke:<\/p>\n<ul>\n<li>Um Sie per Telefon oder E-Mail kontaktieren zu k\u00f6nnen, falls dies zur Durchf\u00fchrung unserer Dienstleistungen erforderlich ist<\/li>\n<li>Um Sie \u00fcber \u00c4nderungen unserer Dienstleistungen und Produkte zu informieren<\/li>\n<\/ul>\n<h2>Datenweitergabe an Dritte<\/h2>\n<p>Wir verarbeiten Ihre personenbezogenen Daten auf der Grundlage der Rechtsgrundlage des Vertragsbedarfs und des berechtigten Interesses. Dies bedeutet, dass wir personenbezogene Daten verarbeiten, weil dies zur Durchf\u00fchrung unseres Vertrags mit Ihnen und zur Verbesserung unserer Dienstleistungen und Produkte erforderlich ist. Wir werden Ihre personenbezogenen Daten nicht l\u00e4nger aufbewahren als n\u00f6tig und daf\u00fcr sorgen, dass sie sicher gespeichert werden.<\/p>\n<p>Bei Jominy legen wir gro\u00dfen Wert auf den Schutz Ihrer pers\u00f6nlichen Daten. Wir verkaufen Ihre Daten nicht an Dritte und geben sie nur dann weiter, wenn dies zur Erf\u00fcllung unseres Vertrags mit Ihnen oder zur Einhaltung einer gesetzlichen Verpflichtung erforderlich ist.<\/p>\n<p>Wenn wir Ihre Daten im Namen von Jominy von Dritten verarbeiten lassen, schlie\u00dfen wir einen Auftragsverarbeitungsvertrag ab, um sicherzustellen, dass Ihre Daten sicher und vertraulich bleiben. Jominy bleibt f\u00fcr diese Verarbeitungen verantwortlich und stellt sicher, dass Ihre Daten nur f\u00fcr die Zwecke verarbeitet werden, f\u00fcr die sie erhoben wurden.<\/p>\n<p>Ihre Privatsph\u00e4re ist uns wichtig, und wir werden immer sicherstellen, dass Ihre pers\u00f6nlichen Daten gesch\u00fctzt werden.<\/p>\n<h2>Teilen von personenbezogenen Daten mit Dritten<\/h2>\n<p>Wir verarbeiten Ihre personenbezogenen Daten auf der Grundlage der rechtlichen Gr\u00fcnde der Vertragsnotwendigkeit und des berechtigten Interesses. Dies bedeutet, dass wir personenbezogene Daten verarbeiten, weil es f\u00fcr die Erf\u00fcllung unseres Vertrags mit Ihnen und zur Verbesserung unserer Dienstleistungen und Produkte notwendig ist. Wir werden Ihre personenbezogenen Daten nicht l\u00e4nger aufbewahren als notwendig und stellen sicher, dass sie sicher gespeichert werden.<\/p>\n<p>Bei Jominy legen wir gro\u00dfen Wert auf den Schutz Ihrer personenbezogenen Daten. Wir verkaufen Ihre Daten nicht an Dritte und stellen sie nur zur Verf\u00fcgung, wenn dies zur Erf\u00fcllung unseres Vertrags mit Ihnen oder zur Erf\u00fcllung einer gesetzlichen Verpflichtung erforderlich ist.<\/p>\n<p>Wenn wir Dritte damit beauftragen, Ihre Daten im Auftrag von Jominy zu verarbeiten, schlie\u00dfen wir einen Auftragsverarbeitungsvertrag ab, um sicherzustellen, dass Ihre Daten sicher und vertraulich bleiben. Jominy bleibt f\u00fcr diese Prozesse verantwortlich und stellt sicher, dass Ihre Daten nur f\u00fcr die Zwecke verarbeitet werden, f\u00fcr die sie gesammelt wurden.<\/p>\n<p>Ihre Privatsph\u00e4re ist uns wichtig, und wir werden immer daf\u00fcr sorgen, dass Ihre personenbezogenen Daten gesch\u00fctzt werden.<\/p>\n<h2>Cookies<\/h2>\n<p>Unsere Website verwendet Cookies und \u00e4hnliche Technologien, um Ihre Benutzererfahrung zu verbessern und uns zu erm\u00f6glichen, Statistiken \u00fcber die Nutzung unserer Website zu sammeln. Cookies sind kleine Textdateien, die auf Ihrem Ger\u00e4t platziert werden, wenn Sie unsere Website besuchen. Sie werden verwendet, um Informationen \u00fcber Ihre Browser-Aktivit\u00e4t zu speichern und Sie zu erkennen, wenn Sie zu unserer Website zur\u00fcckkehren.<\/p>\n<p>Jominy verwendet Google Analytics GA4, um den Datenverkehr auf unserer Website zu analysieren und das Benutzerverhalten zu verstehen. Google Analytics verwendet Cookies, um diese Informationen zu sammeln. Die von uns verwendeten Cookies umfassen:<\/p>\n<ul>\n<li>_ga: Dieses Cookie wird verwendet, um Benutzer zu unterscheiden. Es h\u00e4lt die Anzahl der Besuche eines Besuchers auf der Website sowie die Zeit des ersten und letzten Besuchs fest. Die Ablaufzeit dieses Cookies betr\u00e4gt 2 Jahre.<\/li>\n<li>_gid: Dieses Cookie wird verwendet, um Benutzer zu unterscheiden und wird alle 24 Stunden aktualisiert. Es wird verwendet, um verschiedene Benutzer zu unterscheiden und beispielsweise um Benutzersitzungen und Kampagnen zu identifizieren. Die Ablaufzeit dieses Cookies betr\u00e4gt 24 Stunden.<\/li>\n<li>_gat: Dies ist ein Cookie, das verwendet wird, um die Geschwindigkeit von Anfragen an Google Analytics zu steuern. Es hat eine Ablaufzeit von 1 Minute.<\/li>\n<\/ul>\n<p>Zus\u00e4tzlich zu den f\u00fcr Google Analytics verwendeten Cookies verwendet diese Website auch das WPML-\u00dcbersetzungs-Plugin. Dieses Plugin platziert die folgenden Cookies:<\/p>\n<ul>\n<li>wp-wpml_current_language: Dieses Cookie wird verwendet, um die Sprache des Besuchers f\u00fcr eine bessere Benutzererfahrung zu speichern. Dieses Cookie speichert keine pers\u00f6nlichen Daten und l\u00e4uft nach einem Tag ab.<\/li>\n<\/ul>\n<p>Wenn Sie nicht m\u00f6chten, dass Cookies auf Ihrem Ger\u00e4t platziert werden, k\u00f6nnen Sie Ihre Browsereinstellungen anpassen, um Cookies zu blockieren oder um Sie zu warnen, bevor Cookies platziert werden. Bitte beachten Sie jedoch, dass einige Funktionen unserer Website m\u00f6glicherweise nicht richtig funktionieren, wenn Sie Cookies deaktivieren.<\/p>\n<p>Wir respektieren das Opt-Out-Recht von Betroffenen f\u00fcr die Verwendung von Cookies. Das bedeutet, dass Sie jederzeit das Recht haben, der Platzierung von Cookies auf Ihrem Ger\u00e4t zu widersprechen. Sie k\u00f6nnen Ihre Browsereinstellungen anpassen, um Cookies zu blockieren oder um Sie zu warnen, bevor Cookies platziert werden.<\/p>\n<p>Wenn Sie Fragen zu unserer Cookie-Richtlinie haben oder Probleme bei der Anpassung Ihrer Cookie-Einstellungen haben, kontaktieren Sie uns bitte unter info@jominy.nl.<\/p>\n<h3>Unsere Datenschutzrichtlinie und Ihre Rechte als betroffene Person<\/h3>\n<p>Als betroffene Person haben Sie das Recht, bei der zust\u00e4ndigen Aufsichtsbeh\u00f6rde eine Beschwerde einzureichen, wenn Sie der Meinung sind, dass Ihre pers\u00f6nlichen Daten unrechtm\u00e4\u00dfig verarbeitet wurden. In den Niederlanden ist die Aufsichtsbeh\u00f6rde die Autoriteit Persoonsgegevens.<\/p>\n<p>Wenn Sie eine Beschwerde bei der Autoriteit Persoonsgegevens einreichen m\u00f6chten, k\u00f6nnen Sie dies \u00fcber ihre Website tun. Weitere Informationen zur Einreichung einer Beschwerde finden Sie auf ihrer Website.<\/p>\n","protected":false},"excerpt":{"rendered":"<p>Wer ist Jominy? Jominy ist der Datenverantwortliche f\u00fcr die pers\u00f6nlichen Daten, die \u00fcber diese Website gesammelt werden und hat seinen Sitz in Van Ravesteynpad 8, 7425 AE Deventer in den Niederlanden. Registriert bei der Handelskammer unter der Nummer 81731876. F\u00fcr alle Fragen zu unserer Datenschutzrichtlinie kontaktieren Sie uns bitte unter info@jominy.nl. Verarbeitete Daten: Vor- und [&hellip;]<\/p>\n","protected":false},"author":7,"featured_media":0,"parent":0,"menu_order":0,"comment_status":"closed","ping_status":"closed","template":"normal.php","meta":{"_acf_changed":false,"footnotes":""},"class_list":["post-539","page","type-page","status-publish","hentry"],"acf":[],"yoast_head":"<!-- This site is optimized with the Yoast SEO plugin v27.3 - https:\/\/yoast.com\/product\/yoast-seo-wordpress\/ -->\n<title>Allgemeine Gesch\u00e4ftsbedingungen | Jominy<\/title>\n<meta name=\"robots\" content=\"index, follow, max-snippet:-1, max-image-preview:large, max-video-preview:-1\" \/>\n<link rel=\"canonical\" href=\"https:\/\/jominy.nl\/de\/allgemeine-geschaeftsbedingungen\/\" \/>\n<meta property=\"og:locale\" content=\"de_DE\" \/>\n<meta property=\"og:type\" content=\"article\" \/>\n<meta property=\"og:title\" content=\"Allgemeine Gesch\u00e4ftsbedingungen | Jominy\" \/>\n<meta property=\"og:description\" content=\"Wer ist Jominy? Jominy ist der Datenverantwortliche f\u00fcr die pers\u00f6nlichen Daten, die \u00fcber diese Website gesammelt werden und hat seinen Sitz in Van Ravesteynpad 8, 7425 AE Deventer in den Niederlanden. Registriert bei der Handelskammer unter der Nummer 81731876. F\u00fcr alle Fragen zu unserer Datenschutzrichtlinie kontaktieren Sie uns bitte unter info@jominy.nl. Verarbeitete Daten: Vor- und [&hellip;]\" \/>\n<meta property=\"og:url\" content=\"https:\/\/jominy.nl\/de\/allgemeine-geschaeftsbedingungen\/\" \/>\n<meta property=\"og:site_name\" content=\"Jominy\" \/>\n<meta property=\"article:modified_time\" content=\"2023-04-05T10:12:38+00:00\" \/>\n<meta name=\"twitter:card\" content=\"summary_large_image\" \/>\n<script type=\"application\/ld+json\" class=\"yoast-schema-graph\">{\"@context\":\"https:\\\/\\\/schema.org\",\"@graph\":[{\"@type\":\"WebPage\",\"@id\":\"https:\\\/\\\/jominy.nl\\\/de\\\/allgemeine-geschaeftsbedingungen\\\/\",\"url\":\"https:\\\/\\\/jominy.nl\\\/de\\\/allgemeine-geschaeftsbedingungen\\\/\",\"name\":\"Allgemeine Gesch\u00e4ftsbedingungen | Jominy\",\"isPartOf\":{\"@id\":\"https:\\\/\\\/jominy.nl\\\/#website\"},\"datePublished\":\"2023-01-23T12:50:59+00:00\",\"dateModified\":\"2023-04-05T10:12:38+00:00\",\"breadcrumb\":{\"@id\":\"https:\\\/\\\/jominy.nl\\\/de\\\/allgemeine-geschaeftsbedingungen\\\/#breadcrumb\"},\"inLanguage\":\"de-DE\",\"potentialAction\":[{\"@type\":\"ReadAction\",\"target\":[\"https:\\\/\\\/jominy.nl\\\/de\\\/allgemeine-geschaeftsbedingungen\\\/\"]}]},{\"@type\":\"BreadcrumbList\",\"@id\":\"https:\\\/\\\/jominy.nl\\\/de\\\/allgemeine-geschaeftsbedingungen\\\/#breadcrumb\",\"itemListElement\":[{\"@type\":\"ListItem\",\"position\":1,\"name\":\"Home\",\"item\":\"https:\\\/\\\/jominy.nl\\\/de\\\/spezialist-fuer-stabstahl\\\/\"},{\"@type\":\"ListItem\",\"position\":2,\"name\":\"Allgemeine Gesch\u00e4ftsbedingungen\"}]},{\"@type\":\"WebSite\",\"@id\":\"https:\\\/\\\/jominy.nl\\\/#website\",\"url\":\"https:\\\/\\\/jominy.nl\\\/\",\"name\":\"Jominy\",\"description\":\"\",\"publisher\":{\"@id\":\"https:\\\/\\\/jominy.nl\\\/#organization\"},\"potentialAction\":[{\"@type\":\"SearchAction\",\"target\":{\"@type\":\"EntryPoint\",\"urlTemplate\":\"https:\\\/\\\/jominy.nl\\\/?s={search_term_string}\"},\"query-input\":{\"@type\":\"PropertyValueSpecification\",\"valueRequired\":true,\"valueName\":\"search_term_string\"}}],\"inLanguage\":\"de-DE\"},{\"@type\":\"Organization\",\"@id\":\"https:\\\/\\\/jominy.nl\\\/#organization\",\"name\":\"Jominy\",\"url\":\"https:\\\/\\\/jominy.nl\\\/\",\"logo\":{\"@type\":\"ImageObject\",\"inLanguage\":\"de-DE\",\"@id\":\"https:\\\/\\\/jominy.nl\\\/#\\\/schema\\\/logo\\\/image\\\/\",\"url\":\"https:\\\/\\\/jominy.nl\\\/wp-content\\\/uploads\\\/2023\\\/03\\\/jominy-logo-zwart.png\",\"contentUrl\":\"https:\\\/\\\/jominy.nl\\\/wp-content\\\/uploads\\\/2023\\\/03\\\/jominy-logo-zwart.png\",\"width\":1737,\"height\":449,\"caption\":\"Jominy\"},\"image\":{\"@id\":\"https:\\\/\\\/jominy.nl\\\/#\\\/schema\\\/logo\\\/image\\\/\"},\"sameAs\":[\"https:\\\/\\\/www.linkedin.com\\\/company\\\/jominy\\\/\",\"https:\\\/\\\/www.instagram.com\\\/jominy_steel_trading\\\/\"]}]}<\/script>\n<!-- \/ Yoast SEO plugin. -->","yoast_head_json":{"title":"Allgemeine Gesch\u00e4ftsbedingungen | Jominy","robots":{"index":"index","follow":"follow","max-snippet":"max-snippet:-1","max-image-preview":"max-image-preview:large","max-video-preview":"max-video-preview:-1"},"canonical":"https:\/\/jominy.nl\/de\/allgemeine-geschaeftsbedingungen\/","og_locale":"de_DE","og_type":"article","og_title":"Allgemeine Gesch\u00e4ftsbedingungen | Jominy","og_description":"Wer ist Jominy? Jominy ist der Datenverantwortliche f\u00fcr die pers\u00f6nlichen Daten, die \u00fcber diese Website gesammelt werden und hat seinen Sitz in Van Ravesteynpad 8, 7425 AE Deventer in den Niederlanden. Registriert bei der Handelskammer unter der Nummer 81731876. F\u00fcr alle Fragen zu unserer Datenschutzrichtlinie kontaktieren Sie uns bitte unter info@jominy.nl. Verarbeitete Daten: Vor- und [&hellip;]","og_url":"https:\/\/jominy.nl\/de\/allgemeine-geschaeftsbedingungen\/","og_site_name":"Jominy","article_modified_time":"2023-04-05T10:12:38+00:00","twitter_card":"summary_large_image","schema":{"@context":"https:\/\/schema.org","@graph":[{"@type":"WebPage","@id":"https:\/\/jominy.nl\/de\/allgemeine-geschaeftsbedingungen\/","url":"https:\/\/jominy.nl\/de\/allgemeine-geschaeftsbedingungen\/","name":"Allgemeine Gesch\u00e4ftsbedingungen | Jominy","isPartOf":{"@id":"https:\/\/jominy.nl\/#website"},"datePublished":"2023-01-23T12:50:59+00:00","dateModified":"2023-04-05T10:12:38+00:00","breadcrumb":{"@id":"https:\/\/jominy.nl\/de\/allgemeine-geschaeftsbedingungen\/#breadcrumb"},"inLanguage":"de-DE","potentialAction":[{"@type":"ReadAction","target":["https:\/\/jominy.nl\/de\/allgemeine-geschaeftsbedingungen\/"]}]},{"@type":"BreadcrumbList","@id":"https:\/\/jominy.nl\/de\/allgemeine-geschaeftsbedingungen\/#breadcrumb","itemListElement":[{"@type":"ListItem","position":1,"name":"Home","item":"https:\/\/jominy.nl\/de\/spezialist-fuer-stabstahl\/"},{"@type":"ListItem","position":2,"name":"Allgemeine Gesch\u00e4ftsbedingungen"}]},{"@type":"WebSite","@id":"https:\/\/jominy.nl\/#website","url":"https:\/\/jominy.nl\/","name":"Jominy","description":"","publisher":{"@id":"https:\/\/jominy.nl\/#organization"},"potentialAction":[{"@type":"SearchAction","target":{"@type":"EntryPoint","urlTemplate":"https:\/\/jominy.nl\/?s={search_term_string}"},"query-input":{"@type":"PropertyValueSpecification","valueRequired":true,"valueName":"search_term_string"}}],"inLanguage":"de-DE"},{"@type":"Organization","@id":"https:\/\/jominy.nl\/#organization","name":"Jominy","url":"https:\/\/jominy.nl\/","logo":{"@type":"ImageObject","inLanguage":"de-DE","@id":"https:\/\/jominy.nl\/#\/schema\/logo\/image\/","url":"https:\/\/jominy.nl\/wp-content\/uploads\/2023\/03\/jominy-logo-zwart.png","contentUrl":"https:\/\/jominy.nl\/wp-content\/uploads\/2023\/03\/jominy-logo-zwart.png","width":1737,"height":449,"caption":"Jominy"},"image":{"@id":"https:\/\/jominy.nl\/#\/schema\/logo\/image\/"},"sameAs":["https:\/\/www.linkedin.com\/company\/jominy\/","https:\/\/www.instagram.com\/jominy_steel_trading\/"]}]}},"_links":{"self":[{"href":"https:\/\/jominy.nl\/de\/wp-json\/wp\/v2\/pages\/539","targetHints":{"allow":["GET"]}}],"collection":[{"href":"https:\/\/jominy.nl\/de\/wp-json\/wp\/v2\/pages"}],"about":[{"href":"https:\/\/jominy.nl\/de\/wp-json\/wp\/v2\/types\/page"}],"author":[{"embeddable":true,"href":"https:\/\/jominy.nl\/de\/wp-json\/wp\/v2\/users\/7"}],"replies":[{"embeddable":true,"href":"https:\/\/jominy.nl\/de\/wp-json\/wp\/v2\/comments?post=539"}],"version-history":[{"count":0,"href":"https:\/\/jominy.nl\/de\/wp-json\/wp\/v2\/pages\/539\/revisions"}],"wp:attachment":[{"href":"https:\/\/jominy.nl\/de\/wp-json\/wp\/v2\/media?parent=539"}],"curies":[{"name":"wp","href":"https:\/\/api.w.org\/{rel}","templated":true}]}}